{"id":2,"date":"2022-08-18T08:38:03","date_gmt":"2022-08-18T06:38:03","guid":{"rendered":"https:\/\/www.lasuitebyb.com\/?page_id=2"},"modified":"2025-06-13T11:23:50","modified_gmt":"2025-06-13T09:23:50","slug":"contacto","status":"publish","type":"page","link":"https:\/\/www.lasuitebyb.com\/en\/contacto\/","title":{"rendered":"Contacto"},"content":{"rendered":"<div data-elementor-type=\"wp-page\" data-elementor-id=\"2\" class=\"elementor elementor-2\" data-elementor-post-type=\"page\">\n\t\t\t\t<div class=\"elementor-element elementor-element-7a524a1 e-con-full e-flex e-con e-parent\" data-id=\"7a524a1\" data-element_type=\"container\" data-settings=\"{&quot;background_background&quot;:&quot;classic&quot;}\">\n\t\t<div class=\"elementor-element elementor-element-7207b8b e-flex e-con-boxed elementor-invisible e-con e-child\" data-id=\"7207b8b\" data-element_type=\"container\" data-settings=\"{&quot;animation&quot;:&quot;fadeIn&quot;,&quot;animation_delay&quot;:800}\">\n\t\t\t\t\t<div class=\"e-con-inner\">\n\t\t\t\t<div class=\"elementor-element elementor-element-58ea44a elementor-widget elementor-widget-heading\" data-id=\"58ea44a\" data-element_type=\"widget\" data-widget_type=\"heading.default\">\n\t\t\t\t<div class=\"elementor-widget-container\">\n\t\t\t\t\t<h1 class=\"elementor-heading-title elementor-size-default\">\u00bfPodemos ayudarte?<\/h1>\t\t\t\t<\/div>\n\t\t\t\t<\/div>\n\t\t\t\t<div class=\"elementor-element elementor-element-6dff3ac elementor-widget elementor-widget-text-editor\" data-id=\"6dff3ac\" data-element_type=\"widget\" data-widget_type=\"text-editor.default\">\n\t\t\t\t<div class=\"elementor-widget-container\">\n\t\t\t\t\t\t\t\t\t<p>Si quieres contactar con nosotras ll\u00e1manos o m\u00e1ndanos un mensaje de WhatsApp para atenderte lo m\u00e1s r\u00e1pido posible.<br \/>Si lo prefieres, tambi\u00e9n puedes enviarnos el siguiente formulario.<\/p>\t\t\t\t\t\t\t\t<\/div>\n\t\t\t\t<\/div>\n\t\t\t\t\t<\/div>\n\t\t\t\t<\/div>\n\t\t<div class=\"elementor-element elementor-element-2f5f800 fc-container-padding e-flex e-con-boxed elementor-invisible e-con e-child\" data-id=\"2f5f800\" data-element_type=\"container\" data-settings=\"{&quot;animation&quot;:&quot;fadeIn&quot;,&quot;animation_delay&quot;:800}\">\n\t\t\t\t\t<div class=\"e-con-inner\">\n\t\t<div class=\"elementor-element elementor-element-0dc40af e-con-full e-flex e-con e-child\" data-id=\"0dc40af\" data-element_type=\"container\">\n\t\t\t\t<div class=\"elementor-element elementor-element-f9faf47 elementor-widget elementor-widget-heading\" data-id=\"f9faf47\" data-element_type=\"widget\" data-widget_type=\"heading.default\">\n\t\t\t\t<div class=\"elementor-widget-container\">\n\t\t\t\t\t<h2 class=\"elementor-heading-title elementor-size-default\">Te esperamos en nuestros espacios<\/h2>\t\t\t\t<\/div>\n\t\t\t\t<\/div>\n\t\t\t\t<div class=\"elementor-element elementor-element-d66596a elementor-widget elementor-widget-text-editor\" data-id=\"d66596a\" data-element_type=\"widget\" data-widget_type=\"text-editor.default\">\n\t\t\t\t<div class=\"elementor-widget-container\">\n\t\t\t\t\t\t\t\t\t<p>Email: <a href=\"mailto:info@lasuitebyb.com\">info@lasuitebyb.com<\/a><br \/>Instagram: <a href=\"https:\/\/www.instagram.com\/lasuitebyb\/\" target=\"_blank\" rel=\"noopener\">@lasuitebyb<\/a><\/p>\t\t\t\t\t\t\t\t<\/div>\n\t\t\t\t<\/div>\n\t\t\t\t<div class=\"elementor-element elementor-element-64c22cb elementor-widget elementor-widget-heading\" data-id=\"64c22cb\" data-element_type=\"widget\" data-widget_type=\"heading.default\">\n\t\t\t\t<div class=\"elementor-widget-container\">\n\t\t\t\t\t<h3 class=\"elementor-heading-title elementor-size-default\">Amurrio<\/h3>\t\t\t\t<\/div>\n\t\t\t\t<\/div>\n\t\t\t\t<div class=\"elementor-element elementor-element-97a8d5d elementor-widget elementor-widget-text-editor\" data-id=\"97a8d5d\" data-element_type=\"widget\" data-widget_type=\"text-editor.default\">\n\t\t\t\t<div class=\"elementor-widget-container\">\n\t\t\t\t\t\t\t\t\t<p>Direcci\u00f3n:<br \/>Jos\u00e9 Madinabeitia kalea 14\u00a0<br \/>01470 Amurrio (Araba)<br \/><a href=\"https:\/\/maps.app.goo.gl\/cgKaSjd7sPM4MbuQ7\" target=\"_blank\" rel=\"noopener\">Ver ficha de Google con horarios<\/a><\/p><p>Tel\u00e9fono: <span style=\"font-weight: 400;\">698 90 64 58<\/span><br \/>WhatsApp: <a href=\"https:\/\/api.whatsapp.com\/send?phone=34698906458\" target=\"_blank\" rel=\"noopener\">Iniciar conversaci\u00f3n<\/a><\/p>\t\t\t\t\t\t\t\t<\/div>\n\t\t\t\t<\/div>\n\t\t\t\t<div class=\"elementor-element elementor-element-6af95df elementor-widget elementor-widget-heading\" data-id=\"6af95df\" data-element_type=\"widget\" data-widget_type=\"heading.default\">\n\t\t\t\t<div class=\"elementor-widget-container\">\n\t\t\t\t\t<h3 class=\"elementor-heading-title elementor-size-default\">Leioa<\/h3>\t\t\t\t<\/div>\n\t\t\t\t<\/div>\n\t\t\t\t<div class=\"elementor-element elementor-element-3d54138 elementor-widget elementor-widget-text-editor\" data-id=\"3d54138\" data-element_type=\"widget\" data-widget_type=\"text-editor.default\">\n\t\t\t\t<div class=\"elementor-widget-container\">\n\t\t\t\t\t\t\t\t\t<p>Direcci\u00f3n:<br \/>Aldekoena Auzoa 124, local 4<br \/>48940 Leioa (Bizkaia)<br \/><a href=\"https:\/\/maps.app.goo.gl\/oJw5nHG77izYFacr7\" target=\"_blank\" rel=\"noopener\" data-wplink-edit=\"true\">Ver ficha de Google con horarios<\/a><\/p><p>Tel\u00e9fono: 603 27 52 95<br \/>WhatsApp: <a href=\"https:\/\/api.whatsapp.com\/send?phone=34603275295\" target=\"_blank\" rel=\"noopener\">Iniciar conversaci\u00f3n<\/a><\/p>\t\t\t\t\t\t\t\t<\/div>\n\t\t\t\t<\/div>\n\t\t\t\t<\/div>\n\t\t<div class=\"elementor-element elementor-element-6d3399c e-con-full e-flex e-con e-child\" data-id=\"6d3399c\" data-element_type=\"container\">\n\t\t\t\t<div class=\"elementor-element elementor-element-bbcd291 elementor-button-align-start elementor-widget elementor-widget-form\" data-id=\"bbcd291\" data-element_type=\"widget\" data-settings=\"{&quot;step_next_label&quot;:&quot;Siguiente&quot;,&quot;step_previous_label&quot;:&quot;Anterior&quot;,&quot;button_width&quot;:&quot;100&quot;,&quot;step_type&quot;:&quot;number_text&quot;,&quot;step_icon_shape&quot;:&quot;circle&quot;}\" data-widget_type=\"form.default\">\n\t\t\t\t<div class=\"elementor-widget-container\">\n\t\t\t\t\t\t\t<form class=\"elementor-form\" method=\"post\" name=\"Formulario de contacto\" aria-label=\"Formulario de contacto\" action=\"\">\n\t\t\t<input type=\"hidden\" name=\"post_id\" value=\"2\"\/>\n\t\t\t<input type=\"hidden\" name=\"form_id\" value=\"bbcd291\"\/>\n\t\t\t<input type=\"hidden\" name=\"referer_title\" value=\"\" \/>\n\n\t\t\t\n\t\t\t<div class=\"elementor-form-fields-wrapper elementor-labels-above\">\n\t\t\t\t\t\t\t\t<div class=\"elementor-field-type-text elementor-field-group elementor-column elementor-field-group-f1_field_nombre elementor-col-50 elementor-field-required elementor-mark-required\">\n\t\t\t\t\t\t\t\t\t\t\t\t<label for=\"form-field-f1_field_nombre\" class=\"elementor-field-label\">\n\t\t\t\t\t\t\t\tNombre y apellidos\t\t\t\t\t\t\t<\/label>\n\t\t\t\t\t\t\t\t\t\t\t\t\t\t<input size=\"1\" type=\"text\" name=\"form_fields[f1_field_nombre]\" id=\"form-field-f1_field_nombre\" class=\"elementor-field elementor-size-md  elementor-field-textual\" placeholder=\"Escribe tu nombre completo\" required=\"required\">\n\t\t\t\t\t\t\t\t\t\t\t<\/div>\n\t\t\t\t\t\t\t\t<div class=\"elementor-field-type-tel elementor-field-group elementor-column elementor-field-group-f1_field_telefono elementor-col-50\">\n\t\t\t\t\t\t\t\t\t\t\t\t<label for=\"form-field-f1_field_telefono\" class=\"elementor-field-label\">\n\t\t\t\t\t\t\t\tTel\u00e9fono\t\t\t\t\t\t\t<\/label>\n\t\t\t\t\t\t\t\t<input size=\"1\" type=\"tel\" name=\"form_fields[f1_field_telefono]\" id=\"form-field-f1_field_telefono\" class=\"elementor-field elementor-size-md  elementor-field-textual\" placeholder=\"Un tel\u00e9fono por si hay que llamarte\" pattern=\"[0-9()#&amp;+*-=.]+\" title=\"Only numbers and phone characters (#, -, *, etc) are accepted.\">\n\n\t\t\t\t\t\t<\/div>\n\t\t\t\t\t\t\t\t<div class=\"elementor-field-type-email elementor-field-group elementor-column elementor-field-group-f1_field_email elementor-col-100 elementor-field-required elementor-mark-required\">\n\t\t\t\t\t\t\t\t\t\t\t\t<label for=\"form-field-f1_field_email\" class=\"elementor-field-label\">\n\t\t\t\t\t\t\t\tCorreo electr\u00f3nico\t\t\t\t\t\t\t<\/label>\n\t\t\t\t\t\t\t\t\t\t\t\t\t\t<input size=\"1\" type=\"email\" name=\"form_fields[f1_field_email]\" id=\"form-field-f1_field_email\" class=\"elementor-field elementor-size-md  elementor-field-textual\" placeholder=\"Tu direcci\u00f3n de e-mail para poder contestarte\" required=\"required\">\n\t\t\t\t\t\t\t\t\t\t\t<\/div>\n\t\t\t\t\t\t\t\t<div class=\"elementor-field-type-textarea elementor-field-group elementor-column elementor-field-group-f1_field_mensaje elementor-col-100 elementor-field-required elementor-mark-required\">\n\t\t\t\t\t\t\t\t\t\t\t\t<label for=\"form-field-f1_field_mensaje\" class=\"elementor-field-label\">\n\t\t\t\t\t\t\t\tMensaje\t\t\t\t\t\t\t<\/label>\n\t\t\t\t\t\t<textarea class=\"elementor-field-textual elementor-field  elementor-size-md\" name=\"form_fields[f1_field_mensaje]\" id=\"form-field-f1_field_mensaje\" rows=\"4\" placeholder=\"El mensaje o comentarios que nos quieres hacer llegar\" required=\"required\"><\/textarea>\t\t\t\t<\/div>\n\t\t\t\t\t\t\t\t<div class=\"elementor-field-type-acceptance elementor-field-group elementor-column elementor-field-group-f1_field_aceptacion elementor-col-100 elementor-field-required elementor-mark-required\">\n\t\t\t\t\t\t\t<div class=\"elementor-field-subgroup\">\n\t\t\t<span class=\"elementor-field-option\">\n\t\t\t\t<input type=\"checkbox\" name=\"form_fields[f1_field_aceptacion]\" id=\"form-field-f1_field_aceptacion\" class=\"elementor-field elementor-size-md  elementor-acceptance-field\" required=\"required\">\n\t\t\t\t<label for=\"form-field-f1_field_aceptacion\">He le\u00eddo y acepto la <a href=\"https:\/\/www.lasuitebyb.com\/en\/politica-de-privacidad\/\" target=\"_blank\">pol\u00edtica de privacidad<\/a><\/label>\t\t\t<\/span>\n\t\t<\/div>\n\t\t\t\t\t\t<\/div>\n\t\t\t\t\t\t\t\t<div class=\"elementor-field-type-html elementor-field-group elementor-column elementor-field-group-field_2179c63 elementor-col-100\">\n\t\t\t\t\t<div class=\"fc-texto-legal\">\n<p>\nDe conformidad con lo dispuesto en la normativa de protecci\u00f3n de datos, Miren Josune Urteaga Rueda (con raz\u00f3n comercial La Suite Belleza & Bienestar) como Responsable de Tratamiento, le informa que los datos que nos facilite a trav\u00e9s de este formulario web pasar\u00e1n a formar parte de nuestro fichero de tratamiento \u201ccomunicaciones\u201d y que ser\u00e1n utilizados \u00fanicamente para la gesti\u00f3n de las solicitudes de informaci\u00f3n. Sus datos no se ceder\u00e1n a terceros salvo obligaci\u00f3n legal.<\/p><p>\nLa base jur\u00eddica del tratamiento reside en el consentimiento de las partes interesadas. La persona interesada tiene derecho de acceso, rectificaci\u00f3n, supresi\u00f3n de sus datos, limitaci\u00f3n, portabilidad y oposici\u00f3n a su tratamiento enviando un escrito a la direcci\u00f3n electr\u00f3nica info@lasuitebyb.com. Puede ampliar informaci\u00f3n consultando nuestra Pol\u00edtica de Privacidad. \n<\/p>\n<\/div>\t\t\t\t<\/div>\n\t\t\t\t\t\t\t\t<div class=\"elementor-field-group elementor-column elementor-field-type-submit elementor-col-100 e-form__buttons\">\n\t\t\t\t\t<button class=\"elementor-button elementor-size-sm\" type=\"submit\">\n\t\t\t\t\t\t<span class=\"elementor-button-content-wrapper\">\n\t\t\t\t\t\t\t\t\t\t\t\t\t\t\t\t\t\t\t\t\t\t<span class=\"elementor-button-text\">Enviar mensaje<\/span>\n\t\t\t\t\t\t\t\t\t\t\t\t\t<\/span>\n\t\t\t\t\t<\/button>\n\t\t\t\t<\/div>\n\t\t\t<\/div>\n\t\t<input type=\"hidden\" name=\"trp-form-language\" value=\"en\"\/><\/form>\n\t\t\t\t\t\t<\/div>\n\t\t\t\t<\/div>\n\t\t\t\t<\/div>\n\t\t\t\t\t<\/div>\n\t\t\t\t<\/div>\n\t\t\t\t<\/div>\n\t\t<div class=\"elementor-element elementor-element-969f14b e-flex e-con-boxed e-con e-parent\" data-id=\"969f14b\" data-element_type=\"container\" data-settings=\"{&quot;background_background&quot;:&quot;classic&quot;}\">\n\t\t\t\t\t<div class=\"e-con-inner\">\n\t\t\t\t\t<\/div>\n\t\t\t\t<\/div>\n\t\t\t\t<\/div>","protected":false},"excerpt":{"rendered":"<p>\u00bfPodemos ayudarte? Si quieres contactar con nosotras ll\u00e1manos o m\u00e1ndanos un mensaje de WhatsApp para atenderte lo m\u00e1s r\u00e1pido posible.Si lo prefieres, tambi\u00e9n puedes enviarnos el siguiente formulario. Te esperamos en nuestros espacios Email: info@lasuitebyb.comInstagram: @lasuitebyb Amurrio Direcci\u00f3n:Jos\u00e9 Madinabeitia kalea 14\u00a001470 Amurrio (Araba)Ver ficha de Google con horarios Tel\u00e9fono: 698 90 64 58WhatsApp: Iniciar conversaci\u00f3n [&hellip;]<\/p>","protected":false},"author":1,"featured_media":0,"parent":0,"menu_order":4,"comment_status":"closed","ping_status":"closed","template":"","meta":{"_acf_changed":false,"footnotes":""},"class_list":["post-2","page","type-page","status-publish","hentry"],"acf":[],"_links":{"self":[{"href":"https:\/\/www.lasuitebyb.com\/en\/wp-json\/wp\/v2\/pages\/2","targetHints":{"allow":["GET"]}}],"collection":[{"href":"https:\/\/www.lasuitebyb.com\/en\/wp-json\/wp\/v2\/pages"}],"about":[{"href":"https:\/\/www.lasuitebyb.com\/en\/wp-json\/wp\/v2\/types\/page"}],"author":[{"embeddable":true,"href":"https:\/\/www.lasuitebyb.com\/en\/wp-json\/wp\/v2\/users\/1"}],"replies":[{"embeddable":true,"href":"https:\/\/www.lasuitebyb.com\/en\/wp-json\/wp\/v2\/comments?post=2"}],"version-history":[{"count":121,"href":"https:\/\/www.lasuitebyb.com\/en\/wp-json\/wp\/v2\/pages\/2\/revisions"}],"predecessor-version":[{"id":2161,"href":"https:\/\/www.lasuitebyb.com\/en\/wp-json\/wp\/v2\/pages\/2\/revisions\/2161"}],"wp:attachment":[{"href":"https:\/\/www.lasuitebyb.com\/en\/wp-json\/wp\/v2\/media?parent=2"}],"curies":[{"name":"wp","href":"https:\/\/api.w.org\/{rel}","templated":true}]}}