{"id":3,"date":"2022-08-18T08:38:03","date_gmt":"2022-08-18T06:38:03","guid":{"rendered":"https:\/\/www.lasuitebyb.com\/?page_id=3"},"modified":"2025-07-15T12:07:14","modified_gmt":"2025-07-15T10:07:14","slug":"politica-de-privacidad","status":"publish","type":"page","link":"https:\/\/www.lasuitebyb.com\/en\/politica-de-privacidad\/","title":{"rendered":"Pol\u00edtica de privacidad"},"content":{"rendered":"<p>En LA SUITE BELLEZA &amp; BIENESTAR, nos tomamos muy en serio la protecci\u00f3n de tus datos personales y tu privacidad. Esta Pol\u00edtica de Privacidad explica c\u00f3mo recopilamos, usamos, almacenamos y protegemos tus datos personales cuando visitas nuestra web o utilizas nuestros servicios.<\/p>\n\n\n\n<p>En este sentido, LA SUITE BELLEZA &amp; BIENESTAR garantiza el cumplimiento de la normativa vigente en materia de protecci\u00f3n de datos personales, reflejada en el Reglamento (UE) 2016\/679 del Parlamento Europeo y del Consejo de 27 de abril de 2016 relativo a la protecci\u00f3n de las personas f\u00edsicas en lo que respecta al tratamiento de datos personales y a la libre circulaci\u00f3n de estos datos, y por el que se deroga la Directiva 95\/46\/CE.<\/p>\n\n\n\n<p>Los datos que podemos recopilar a trav\u00e9s de la web son:<\/p>\n\n\n\n<ul class=\"wp-block-list\">\n<li>Nombre y apellidos<\/li>\n\n\n\n<li>Tel\u00e9fono<\/li>\n\n\n\n<li>Direcci\u00f3n de correo electr\u00f3nico<\/li>\n\n\n\n<li>Informaci\u00f3n de citas o reservas<\/li>\n\n\n\n<li>Datos de navegaci\u00f3n (cookies, direcci\u00f3n IP, tipo de navegador, etc.)<\/li>\n<\/ul>\n\n\n\n<h2 class=\"wp-block-heading\">\u00bfCu\u00e1l es la legitimaci\u00f3n para el tratamiento de sus datos personales?<\/h2>\n\n\n\n<p>El consentimiento expreso de la persona usuaria a trav\u00e9s de la selecci\u00f3n de la casilla check de env\u00edo del formulario donde verifica su consentimiento.<\/p>\n\n\n\n<p>La base legal para el tratamiento de tus datos es; el consentimiento expreso (al aceptar nuestra pol\u00edtica de privacidad y enviar tus datos), la ejecuci\u00f3n de la prestaci\u00f3n de un servicio y el inter\u00e9s leg\u00edtimo para mejorar nuestros servicios y la experiencia de usuario.<\/p>\n\n\n\n<h2 class=\"wp-block-heading\">\u00bfQui\u00e9n es el responsable de esta web?<\/h2>\n\n\n\n<ul class=\"wp-block-list\">\n<li>Identidad del responsable de tratamiento:<strong>\u00a0MIREN JOSUNE URTEAGA RUEDA<\/strong><\/li>\n\n\n\n<li>Nombre comercial:<strong>\u00a0LA SUITE BELLEZA &amp; BIENESTAR<\/strong><\/li>\n\n\n\n<li>NIF\/CIF:<strong>\u00a078893225M<\/strong><\/li>\n\n\n\n<li>Direcci\u00f3n:<strong>\u00a0C\/ Jos\u00e9 Madinabeitia n\u00ba14, 01470 Amurrio (\u00c1lava)<\/strong><\/li>\n\n\n\n<li>Correo electr\u00f3nico:<strong>\u00a0info@lasuitebyb.com<\/strong><\/li>\n<\/ul>\n\n\n\n<p>Datos de contacto del responsable o representante, y del delegado de protecci\u00f3n de dato<strong>: Puedes contactar mediante el formulario de contacto o escribiendo un email a&nbsp;<\/strong><a href=\"mailto:info@lasuitebyb.com\"><strong>info@lasuitebyb.com<\/strong><\/a><strong>.<\/strong><strong><\/strong><\/p>\n\n\n\n<h2 class=\"wp-block-heading\">\u00bfQui\u00e9n es el responsable del tratamiento de los datos facilitados?<\/h2>\n\n\n\n<p>La entidad responsable del tratamiento de los datos personales que le solicitamos es: LA SUITE BELLEZA &amp; BIENESTAR con direcci\u00f3n en Calle Jose Madinabeitia n\u00ba14, 01470 Amurrio (\u00c1lava) y CIF&nbsp; 78893225M<\/p>\n\n\n\n<p>Si desea contactar con nosotros, puede hacerlo a trav\u00e9s de:<\/p>\n\n\n\n<ul class=\"wp-block-list\">\n<li>La siguiente direcci\u00f3n de correo electr\u00f3nico:<a href=\"mailto:info@lasuitebyb.com\">info@lasuitebyb.com<\/a><\/li>\n\n\n\n<li>El siguiente n\u00famero de tel\u00e9fono: 654 25 01 22<\/li>\n<\/ul>\n\n\n\n<h2 class=\"wp-block-heading\">\u00bfCon qu\u00e9 finalidad ser\u00e1n tratados los datos personales aportados?<\/h2>\n\n\n\n<p>Sus datos personales ser\u00e1n utilizados para las siguientes finalidades:<\/p>\n\n\n\n<ul class=\"wp-block-list\">\n<li>Atender a su solicitud.<\/li>\n\n\n\n<li>En caso de que contrate alguno de nuestros productos o servicios, utilizaremos sus datos personales para la gesti\u00f3n y la facturaci\u00f3n de los mismos.<\/li>\n\n\n\n<li>Conservaremos sus datos de contacto para informarle peri\u00f3dicamente sobre los productos y servicios, propios o de terceros que entendamos puedan resultar de su inter\u00e9s.<\/li>\n\n\n\n<li>Conocer sus gustos y preferencias para mejorar la calidad de nuestros productos y servicios.<\/li>\n\n\n\n<li>Registrar su direcci\u00f3n IP utilizada para la navegaci\u00f3n en nuestra web y sus h\u00e1bitos de consumo para gestionar nuestras acciones de marketing.<\/li>\n\n\n\n<li>Utilizamos cookies para mejorar y personalizar el servicio ofrecido, as\u00ed como facilitar la navegaci\u00f3n. Si desea m\u00e1s informaci\u00f3n respecto a las cookies puede consultarlo en el siguiente enlace:\u201d<a href=\"http:\/\/www.aner.com\/politica-de-cookies.html\" target=\"_blank\" rel=\"noopener\">Pol\u00edtica de Cookies<\/a>\u201d.<\/li>\n<\/ul>\n\n\n\n<h2 class=\"wp-block-heading\">Env\u00edo de comunicaciones comerciales<\/h2>\n\n\n\n<p>Solo te enviaremos <strong>informaci\u00f3n promocional, novedades, ofertas o contenidos relacionados con nuestros servicios de belleza y bienestar<\/strong> si nos has dado tu consentimiento expreso al marcar la casilla correspondiente en nuestros formularios.<\/p>\n\n\n\n<ul class=\"wp-block-list\">\n<li>Podr\u00e1s <strong>revocar tu consentimiento en cualquier momento<\/strong>, desde el enlace de baja incluido en cada comunicaci\u00f3n o escribi\u00e9ndonos a: <a href=\"mailto:info@lasuitebyb.com\">info@lasuitebyb.com<\/a><\/li>\n<\/ul>\n\n\n\n<h2 class=\"wp-block-heading\">\u00bfDurante cu\u00e1nto tiempo se conservar\u00e1n los datos personales?<\/h2>\n\n\n\n<p>Sus datos personales se conservar\u00e1n el tiempo necesario para prestarle el servicio contratado. Una vez finalizado el servicio, conservaremos sus datos durante cinco a\u00f1os, que es el plazo est\u00e1ndar de prescripci\u00f3n de responsabilidades civiles o mercantiles. Debe ser consciente que estos plazos de conservaci\u00f3n podr\u00edan verse ampliados por modificaciones legales o apreciaci\u00f3n de responsabilidades penales. Una vez prescritas las responsabilidades derivadas del contrato, procederemos a la destrucci\u00f3n de todos sus datos personales.<\/p>\n\n\n\n<p>No obstante, queremos conservar sus datos de contacto de forma indefinida para enviarle informaci\u00f3n peri\u00f3dica sobre productos y\/o servicios, propios o de terceros, que entendamos puedan resultar de su inter\u00e9s. Por tanto, si no desea recibir informaci\u00f3n comercial, propia o de terceros, puede oponerse indic\u00e1ndolo en la siguiente direcci\u00f3n: <a href=\"mailto:info@lasuitebyb.com\" target=\"_blank\" rel=\"noreferrer noopener\">info@lasuitebyb.com<\/a><\/p>\n\n\n\n<h2 class=\"wp-block-heading\">Ejercicio de sus derechos<\/h2>\n\n\n\n<p>Cualquier interesado puede solicitar el ejercicio de los siguientes derechos:<\/p>\n\n\n\n<ul class=\"wp-block-list\">\n<li><strong>Derecho de acceso:<\/strong> la persona interesada tendr\u00e1 derecho a obtener confirmaci\u00f3n de si se est\u00e1n tratando o no datos personales que le conciernen.<\/li>\n\n\n\n<li><strong>Derecho de rectificaci\u00f3n:<\/strong> la persona interesada tendr\u00e1 derecho a obtener la rectificaci\u00f3n de los datos personales inexactos que le conciernan o incompletos.<\/li>\n\n\n\n<li><strong>Derecho de supresi\u00f3n:<\/strong> El interesado tendr\u00e1 derecho a obtener la supresi\u00f3n de los datos personales que le conciernan cuando los datos personales ya no sean necesarios en relaci\u00f3n con los fines para los que fueron recogidos o tratados de otro modo.<\/li>\n\n\n\n<li><strong>Derecho de limitaci\u00f3n:<\/strong> Podr\u00e1 solicitar la limitaci\u00f3n del tratamiento de sus datos personales, en cuyo caso \u00fanicamente los conservar\u00eda para el ejercicio o la defensa de reclamaciones.<\/li>\n\n\n\n<li><strong>Derecho a la portabilidad de sus datos:<\/strong> Por lo que puede solicitarnos que sus datos personales automatizados sean cedidos o transferidos a cualquier otra empresa que nos indique en un formato estructurado, inteligible y automatizado. Derecho de retirar el consentimiento: Usted tendr\u00e1 derecho a retirar el consentimiento en cualquier momento, sin que ello afecte a la licitud del tratamiento basado en el consentimiento antes de su retirada.<\/li>\n\n\n\n<li><strong>Derecho de oposici\u00f3n:<\/strong> la persona interesada tendr\u00e1 derecho a oponerse al tratamiento de sus datos.<\/li>\n<\/ul>\n\n\n\n<ul class=\"wp-block-list\">\n<li><strong>Derecho a no ser objeto de decisiones individuales automatizadas.<\/strong> Este derecho pretende garantizar que la persona interesada no objeto de una decisi\u00f3n basada \u00fanicamente en el tratamiento de tus datos, incluida la elaboraci\u00f3n de perfiles, que produzca efectos jur\u00eddicos sobre ti o te afecte significativamente de forma similar.<\/li>\n<\/ul>\n\n\n\n<p>Sobre esta elaboraci\u00f3n de perfiles, se trata de cualquier forma de tratamiento de tus datos personales que eval\u00fae aspectos personales, en particular analizar o predecir aspectos relacionados con tu rendimiento en el trabajo, situaci\u00f3n econ\u00f3mica, salud, las preferencias o intereses personales, fiabilidad o el comportamiento.<\/p>\n\n\n\n<p>Para ejercer cualquiera de estos derechos debe presentar una solicitud en la direcci\u00f3n del responsable del fichero que se recoge en el primer punto de la presente pol\u00edtica de privacidad. Si desea obtener m\u00e1s informaci\u00f3n respecto a sus derechos o la forma de hacerlos valer, puede dirigirse a la Agencia Espa\u00f1ola de Protecci\u00f3n de Datos \u2013www.agpd.es-.<\/p>\n\n\n\n<h2 class=\"wp-block-heading\">Cookies<\/h2>\n\n\n\n<p>Le informamos de que LA SUITE BELLEZA &amp; BIENESTAR tiene instaladas cookies en sus sistemas. Para m\u00e1s informaci\u00f3n puede consultar nuestra <a href=\"https:\/\/www.lasuitebyb.com\/en\/politica-de-cookies\/\" data-type=\"page\" data-id=\"172\">Pol\u00edtica de Cookies<\/a>.<\/p>\n\n\n\n<h2 class=\"wp-block-heading\">Confidencialidad<\/h2>\n\n\n\n<p>Sus datos personales son clasificados como informaci\u00f3n confidencial, por tanto, todo tratamiento sobre estos datos se realizar\u00e1 aplicando las medidas de seguridad necesarias para garantizar su seguridad.<\/p>\n\n\n\n<h2 class=\"wp-block-heading\">Medidas de seguridad<\/h2>\n\n\n\n<p>LA SUITE BELLEZA &amp; BIENESTAR ha adoptado las medidas necesarias para evitar la alteraci\u00f3n, p\u00e9rdida, tratamiento o acceso no autorizado de los datos personales, habida cuenta en todo momento del estado de la tecnolog\u00eda, la naturaleza de los datos almacenados y los riesgos a que est\u00e1n expuestos, ya provengan de la acci\u00f3n humana o del medio f\u00edsico o natural, no obstante, la persona usuaria debe ser consciente de que las medidas de seguridad en Internet no son inexpugnables.<\/p>\n\n\n\n<h2 class=\"wp-block-heading\">Menores de edad<\/h2>\n\n\n\n<p>Se advierte a los ni\u00f1os y j\u00f3venes menores de 14 a\u00f1os que necesit\u00e1is el permiso de vuestros padres o tutores para proporcionar datos personales en el sitio web de LA SUITE BELLEZA &amp; BIENESTAR.<\/p>\n\n\n\n<h2 class=\"wp-block-heading\">Cambios en esta pol\u00edtica<\/h2>\n\n\n\n<p><strong>Podemos actualizar esta Pol\u00edtica de Privacidad en cualquier momento. Te<\/strong> recomendamos revisarla peri\u00f3dicamente. Los cambios ser\u00e1n efectivos desde su publicaci\u00f3n en la web.<\/p>\n\n\n\n<p>Fecha de actualizaci\u00f3n: 10\/07\/2025<\/p>","protected":false},"excerpt":{"rendered":"<p>En LA SUITE BELLEZA &amp; BIENESTAR, nos tomamos muy en serio la protecci\u00f3n de tus datos personales y tu privacidad. Esta Pol\u00edtica de Privacidad explica c\u00f3mo recopilamos, usamos, almacenamos y protegemos tus datos personales cuando visitas nuestra web o utilizas nuestros servicios. En este sentido, LA SUITE BELLEZA &amp; BIENESTAR garantiza el cumplimiento de la [&hellip;]<\/p>","protected":false},"author":1,"featured_media":0,"parent":0,"menu_order":9,"comment_status":"closed","ping_status":"closed","template":"","meta":{"_acf_changed":false,"footnotes":""},"class_list":["post-3","page","type-page","status-publish","hentry"],"acf":[],"_links":{"self":[{"href":"https:\/\/www.lasuitebyb.com\/en\/wp-json\/wp\/v2\/pages\/3","targetHints":{"allow":["GET"]}}],"collection":[{"href":"https:\/\/www.lasuitebyb.com\/en\/wp-json\/wp\/v2\/pages"}],"about":[{"href":"https:\/\/www.lasuitebyb.com\/en\/wp-json\/wp\/v2\/types\/page"}],"author":[{"embeddable":true,"href":"https:\/\/www.lasuitebyb.com\/en\/wp-json\/wp\/v2\/users\/1"}],"replies":[{"embeddable":true,"href":"https:\/\/www.lasuitebyb.com\/en\/wp-json\/wp\/v2\/comments?post=3"}],"version-history":[{"count":6,"href":"https:\/\/www.lasuitebyb.com\/en\/wp-json\/wp\/v2\/pages\/3\/revisions"}],"predecessor-version":[{"id":2162,"href":"https:\/\/www.lasuitebyb.com\/en\/wp-json\/wp\/v2\/pages\/3\/revisions\/2162"}],"wp:attachment":[{"href":"https:\/\/www.lasuitebyb.com\/en\/wp-json\/wp\/v2\/media?parent=3"}],"curies":[{"name":"wp","href":"https:\/\/api.w.org\/{rel}","templated":true}]}}